{"id":89,"date":"2024-06-14T12:10:14","date_gmt":"2024-06-14T12:10:14","guid":{"rendered":"https:\/\/opus-agency.com\/?page_id=89"},"modified":"2024-10-18T07:43:41","modified_gmt":"2024-10-18T07:43:41","slug":"naslovna","status":"publish","type":"page","link":"https:\/\/opus-agency.com\/de\/","title":{"rendered":"Startseite"},"content":{"rendered":"<div data-elementor-type=\"wp-page\" data-elementor-id=\"89\" class=\"elementor elementor-89\" data-elementor-post-type=\"page\">\n\t\t\t\t\t\t<section class=\"elementor-section elementor-top-section elementor-element elementor-element-709aecae elementor-section-height-min-height elementor-section-items-stretch elementor-section-boxed elementor-section-height-default\" data-id=\"709aecae\" data-element_type=\"section\" data-settings=\"{&quot;background_background&quot;:&quot;gradient&quot;}\">\n\t\t\t\t\t\t\t<div class=\"elementor-background-overlay\"><\/div>\n\t\t\t\t\t\t\t<div class=\"elementor-container elementor-column-gap-default\">\n\t\t\t\t\t<div class=\"elementor-column elementor-col-50 elementor-top-column elementor-element elementor-element-34fd7130 animated-fast elementor-invisible\" data-id=\"34fd7130\" data-element_type=\"column\" data-settings=\"{&quot;animation&quot;:&quot;fadeInDown&quot;,&quot;background_background&quot;:&quot;classic&quot;}\">\n\t\t\t<div class=\"elementor-widget-wrap elementor-element-populated\">\n\t\t\t\t\t\t<div class=\"elementor-element elementor-element-20512b6d elementor-widget elementor-widget-heading\" data-id=\"20512b6d\" data-element_type=\"widget\" data-widget_type=\"heading.default\">\n\t\t\t\t<div class=\"elementor-widget-container\">\n\t\t\t<h6 class=\"elementor-heading-title elementor-size-default\">Willkommen bei der Opus Personalagentur!<\/h6>\t\t<\/div>\n\t\t\t\t<\/div>\n\t\t\t\t<div class=\"elementor-element elementor-element-6d2029c5 elementor-widget__width-initial elementor-widget elementor-widget-heading\" data-id=\"6d2029c5\" data-element_type=\"widget\" data-widget_type=\"heading.default\">\n\t\t\t\t<div class=\"elementor-widget-container\">\n\t\t\t<h1 class=\"elementor-heading-title elementor-size-default\">Agentur f\u00fcr die <br> Vermittlung ausl\u00e4ndischer <br> Arbeitskr\u00e4fte in Kroatien<\/h1>\t\t<\/div>\n\t\t\t\t<\/div>\n\t\t\t\t<div class=\"elementor-element elementor-element-7418e6b1 elementor-widget elementor-widget-text-editor\" data-id=\"7418e6b1\" data-element_type=\"widget\" data-widget_type=\"text-editor.default\">\n\t\t\t\t<div class=\"elementor-widget-container\">\n\t\t\t\t\t\t\t<p>Wir verbinden zuverl\u00e4ssige ausl\u00e4ndische Arbeitskr\u00e4fte mit gepr\u00fcften kroatischen Arbeitgebern.<\/p>\t\t\t\t\t\t<\/div>\n\t\t\t\t<\/div>\n\t\t\t\t<div class=\"elementor-element elementor-element-1788507f elementor-widget-elementskit-dual-button-tablet-center elementor-widget-elementskit-dual-button-center elementor-widget elementor-widget-elementskit-dual-button\" data-id=\"1788507f\" data-element_type=\"widget\" data-widget_type=\"elementskit-dual-button.default\">\n\t\t\t\t<div class=\"elementor-widget-container\">\n\t\t\t<div class=\"ekit-wid-con\" >\n                <div class=\"ekit-element-align-wrapper\">\n                    <div class=\"ekit_double_button\">                <a class=\"ekit-double-btn ekit-double-btn-one\" href=\"https:\/\/opus-agency.com\/de\/jobs\/\">\n                    Ich suche einen Job.                <\/a>\n            <span class='ekit_button_middle_text'>Oder<\/span>\n            <a class=\"ekit-double-btn ekit-double-btn-two\" href=\"https:\/\/opus-agency.com\/de\/for-companies\/\">\n                    Ich suche Arbeitskr\u00e4fte.                <\/a>\n                  <\/div>\n                <\/div>\n            <\/div>\t\t<\/div>\n\t\t\t\t<\/div>\n\t\t\t\t\t<\/div>\n\t\t<\/div>\n\t\t\t\t<div class=\"elementor-column elementor-col-50 elementor-top-column elementor-element elementor-element-146f5ea3 elementor-hidden-mobile\" data-id=\"146f5ea3\" data-element_type=\"column\">\n\t\t\t<div class=\"elementor-widget-wrap elementor-element-populated\">\n\t\t\t\t\t\t<div class=\"elementor-element elementor-element-c7552e2 elementor-widget elementor-widget-image\" data-id=\"c7552e2\" data-element_type=\"widget\" data-widget_type=\"image.default\">\n\t\t\t\t<div class=\"elementor-widget-container\">\n\t\t\t\t\t\t\t\t\t\t\t\t\t<img decoding=\"async\" src=\"https:\/\/opus-agency.com\/wp-content\/uploads\/elementor\/thumbs\/medicine-worker-construction-worker-waiter-smiling-crossed-arms-2-qpxk15g4le68wnzamuz9kz2zfy54z9hsybcq8exaoo.png\" title=\"medicine-worker-construction-worker-waiter-smiling-crossed-arms (2)\" alt=\"\" loading=\"lazy\" \/>\t\t\t\t\t\t\t\t\t\t\t\t\t<\/div>\n\t\t\t\t<\/div>\n\t\t\t\t\t<\/div>\n\t\t<\/div>\n\t\t\t\t\t<\/div>\n\t\t<\/section>\n\t\t\t\t<section class=\"elementor-section elementor-top-section elementor-element elementor-element-653a518 elementor-section-boxed elementor-section-height-default elementor-section-height-default\" data-id=\"653a518\" data-element_type=\"section\">\n\t\t\t\t\t\t<div class=\"elementor-container elementor-column-gap-default\">\n\t\t\t\t\t<div class=\"elementor-column elementor-col-50 elementor-top-column elementor-element elementor-element-60623698 animated-fast elementor-invisible\" data-id=\"60623698\" data-element_type=\"column\" data-settings=\"{&quot;animation&quot;:&quot;fadeInDown&quot;,&quot;animation_delay&quot;:100}\">\n\t\t\t<div class=\"elementor-widget-wrap elementor-element-populated\">\n\t\t\t\t\t\t<div class=\"elementor-element elementor-element-bb1e879 elementor-widget elementor-widget-image\" data-id=\"bb1e879\" data-element_type=\"widget\" data-widget_type=\"image.default\">\n\t\t\t\t<div class=\"elementor-widget-container\">\n\t\t\t\t\t\t\t\t\t\t\t\t\t<img decoding=\"async\" src=\"https:\/\/opus-agency.com\/wp-content\/uploads\/elementor\/thumbs\/Untitled-design-2-qs5tq0dffebhbm4ir60ebmx5zqxa2ic6358oybf380.png\" title=\"Untitled design (2)\" alt=\"\" loading=\"lazy\" \/>\t\t\t\t\t\t\t\t\t\t\t\t\t<\/div>\n\t\t\t\t<\/div>\n\t\t\t\t\t<\/div>\n\t\t<\/div>\n\t\t\t\t<div class=\"elementor-column elementor-col-50 elementor-top-column elementor-element elementor-element-2fa0eaf\" data-id=\"2fa0eaf\" data-element_type=\"column\">\n\t\t\t<div class=\"elementor-widget-wrap elementor-element-populated\">\n\t\t\t\t\t\t<div class=\"elementor-element elementor-element-243f1a32 elementor-widget elementor-widget-heading\" data-id=\"243f1a32\" data-element_type=\"widget\" data-widget_type=\"heading.default\">\n\t\t\t\t<div class=\"elementor-widget-container\">\n\t\t\t<h6 class=\"elementor-heading-title elementor-size-default\">Unser Job<\/h6>\t\t<\/div>\n\t\t\t\t<\/div>\n\t\t\t\t<div class=\"elementor-element elementor-element-653bad8f elementor-widget elementor-widget-heading\" data-id=\"653bad8f\" data-element_type=\"widget\" data-widget_type=\"heading.default\">\n\t\t\t\t<div class=\"elementor-widget-container\">\n\t\t\t<h2 class=\"elementor-heading-title elementor-size-default\">Wer sind wir?<\/h2>\t\t<\/div>\n\t\t\t\t<\/div>\n\t\t\t\t<div class=\"elementor-element elementor-element-449cabbd elementor-widget elementor-widget-text-editor\" data-id=\"449cabbd\" data-element_type=\"widget\" data-widget_type=\"text-editor.default\">\n\t\t\t\t<div class=\"elementor-widget-container\">\n\t\t\t\t\t\t\t<p><strong>Wir sind ein Team aus Fachleuten \u2013 Anw\u00e4lten, Buchhaltern und Experten f\u00fcr lokale Gesetzgebung sowie anderen notwendigen F\u00e4higkeiten, um Arbeitskr\u00e4fte und Arbeitgeber miteinander zu verbinden.<\/strong><\/p>\t\t\t\t\t\t<\/div>\n\t\t\t\t<\/div>\n\t\t\t\t<section class=\"elementor-section elementor-inner-section elementor-element elementor-element-318b783a elementor-section-boxed elementor-section-height-default elementor-section-height-default\" data-id=\"318b783a\" data-element_type=\"section\">\n\t\t\t\t\t\t<div class=\"elementor-container elementor-column-gap-default\">\n\t\t\t\t\t<div class=\"elementor-column elementor-col-100 elementor-inner-column elementor-element elementor-element-209aff78\" data-id=\"209aff78\" data-element_type=\"column\">\n\t\t\t<div class=\"elementor-widget-wrap elementor-element-populated\">\n\t\t\t\t\t\t<div class=\"elementor-element elementor-element-15da2e16 elementor-widget elementor-widget-heading\" data-id=\"15da2e16\" data-element_type=\"widget\" data-widget_type=\"heading.default\">\n\t\t\t\t<div class=\"elementor-widget-container\">\n\t\t\t<h4 class=\"elementor-heading-title elementor-size-default\">Anw\u00e4lte<\/h4>\t\t<\/div>\n\t\t\t\t<\/div>\n\t\t\t\t<div class=\"elementor-element elementor-element-587aff81 elementor-widget elementor-widget-text-editor\" data-id=\"587aff81\" data-element_type=\"widget\" data-widget_type=\"text-editor.default\">\n\t\t\t\t<div class=\"elementor-widget-container\">\n\t\t\t\t\t\t\t<p>Anw\u00e4lte mit fundiertem Wissen und Erfahrung in allen rechtlichen Aspekten der Rekrutierung von Arbeitskr\u00e4ften aus dem Ausland, die die Rechtm\u00e4\u00dfigkeit f\u00fcr beide Seiten, Arbeitgeber und Arbeitnehmer, gew\u00e4hrleisten.<\/p>\t\t\t\t\t\t<\/div>\n\t\t\t\t<\/div>\n\t\t\t\t\t<\/div>\n\t\t<\/div>\n\t\t\t\t\t<\/div>\n\t\t<\/section>\n\t\t\t\t<section class=\"elementor-section elementor-inner-section elementor-element elementor-element-2cd2bbbc elementor-section-boxed elementor-section-height-default elementor-section-height-default\" data-id=\"2cd2bbbc\" data-element_type=\"section\">\n\t\t\t\t\t\t<div class=\"elementor-container elementor-column-gap-default\">\n\t\t\t\t\t<div class=\"elementor-column elementor-col-100 elementor-inner-column elementor-element elementor-element-5064f8da\" data-id=\"5064f8da\" data-element_type=\"column\">\n\t\t\t<div class=\"elementor-widget-wrap elementor-element-populated\">\n\t\t\t\t\t\t<div class=\"elementor-element elementor-element-f5d1a89 elementor-widget elementor-widget-heading\" data-id=\"f5d1a89\" data-element_type=\"widget\" data-widget_type=\"heading.default\">\n\t\t\t\t<div class=\"elementor-widget-container\">\n\t\t\t<h4 class=\"elementor-heading-title elementor-size-default\">Buchhalter<\/h4>\t\t<\/div>\n\t\t\t\t<\/div>\n\t\t\t\t<div class=\"elementor-element elementor-element-4f27be57 elementor-widget elementor-widget-text-editor\" data-id=\"4f27be57\" data-element_type=\"widget\" data-widget_type=\"text-editor.default\">\n\t\t\t\t<div class=\"elementor-widget-container\">\n\t\t\t\t\t\t\t<p>Buchhalter mit fundiertem Wissen und Erfahrung in allen finanziellen und steuerlichen Aspekten, die eine erfolgreiche Buchf\u00fchrung f\u00fcr Arbeitgeber und ausl\u00e4ndische Arbeitskr\u00e4fte gew\u00e4hrleisten.<\/p>\t\t\t\t\t\t<\/div>\n\t\t\t\t<\/div>\n\t\t\t\t\t<\/div>\n\t\t<\/div>\n\t\t\t\t\t<\/div>\n\t\t<\/section>\n\t\t\t\t<section class=\"elementor-section elementor-inner-section elementor-element elementor-element-607cabd6 elementor-section-boxed elementor-section-height-default elementor-section-height-default\" data-id=\"607cabd6\" data-element_type=\"section\">\n\t\t\t\t\t\t<div class=\"elementor-container elementor-column-gap-default\">\n\t\t\t\t\t<div class=\"elementor-column elementor-col-100 elementor-inner-column elementor-element elementor-element-5d658889\" data-id=\"5d658889\" data-element_type=\"column\">\n\t\t\t<div class=\"elementor-widget-wrap elementor-element-populated\">\n\t\t\t\t\t\t<div class=\"elementor-element elementor-element-33b45fc9 elementor-widget elementor-widget-heading\" data-id=\"33b45fc9\" data-element_type=\"widget\" data-widget_type=\"heading.default\">\n\t\t\t\t<div class=\"elementor-widget-container\">\n\t\t\t<h4 class=\"elementor-heading-title elementor-size-default\">Experten f\u00fcr lokale Gesetzgebung<\/h4>\t\t<\/div>\n\t\t\t\t<\/div>\n\t\t\t\t<div class=\"elementor-element elementor-element-4d27472f elementor-widget elementor-widget-text-editor\" data-id=\"4d27472f\" data-element_type=\"widget\" data-widget_type=\"text-editor.default\">\n\t\t\t\t<div class=\"elementor-widget-container\">\n\t\t\t\t\t\t\t<p>Experten mit fundiertem Wissen und Erfahrung in der lokalen Gesetzgebung, die Konformit\u00e4t und Rechtm\u00e4\u00dfigkeit f\u00fcr Arbeitgeber und ausl\u00e4ndische Arbeitskr\u00e4fte gew\u00e4hrleisten.<\/p>\t\t\t\t\t\t<\/div>\n\t\t\t\t<\/div>\n\t\t\t\t\t<\/div>\n\t\t<\/div>\n\t\t\t\t\t<\/div>\n\t\t<\/section>\n\t\t\t\t\t<\/div>\n\t\t<\/div>\n\t\t\t\t\t<\/div>\n\t\t<\/section>\n\t\t\t\t<section class=\"elementor-section elementor-top-section elementor-element elementor-element-26bd1771 elementor-section-height-min-height elementor-section-boxed elementor-section-height-default elementor-section-items-middle\" data-id=\"26bd1771\" data-element_type=\"section\" data-settings=\"{&quot;background_background&quot;:&quot;gradient&quot;}\">\n\t\t\t\t\t\t\t<div class=\"elementor-background-overlay\"><\/div>\n\t\t\t\t\t\t\t<div class=\"elementor-container elementor-column-gap-default\">\n\t\t\t\t\t<div class=\"elementor-column elementor-col-100 elementor-top-column elementor-element elementor-element-6549a6cd\" data-id=\"6549a6cd\" data-element_type=\"column\">\n\t\t\t<div class=\"elementor-widget-wrap elementor-element-populated\">\n\t\t\t\t\t\t<div class=\"elementor-element elementor-element-66a3afee elementor-widget elementor-widget-heading\" data-id=\"66a3afee\" data-element_type=\"widget\" data-widget_type=\"heading.default\">\n\t\t\t\t<div class=\"elementor-widget-container\">\n\t\t\t<h2 class=\"elementor-heading-title elementor-size-default\">Suchen Sie einen Job oder Arbeitskr\u00e4fte?<\/h2>\t\t<\/div>\n\t\t\t\t<\/div>\n\t\t\t\t<div class=\"elementor-element elementor-element-4cda114 elementor-widget-elementskit-dual-button-tablet-center elementor-widget elementor-widget-elementskit-dual-button\" data-id=\"4cda114\" data-element_type=\"widget\" data-widget_type=\"elementskit-dual-button.default\">\n\t\t\t\t<div class=\"elementor-widget-container\">\n\t\t\t<div class=\"ekit-wid-con\" >\n                <div class=\"ekit-element-align-wrapper\">\n                    <div class=\"ekit_double_button\">                <a class=\"ekit-double-btn ekit-double-btn-one\" href=\"https:\/\/opus-agency.com\/de\/jobs\/\">\n                    Ich suche einen Job.                <\/a>\n            <span class='ekit_button_middle_text'>Oder<\/span>\n            <a class=\"ekit-double-btn ekit-double-btn-two\" href=\"https:\/\/opus-agency.com\/de\/for-companies\/\">\n                    Ich suche Arbeitskr\u00e4fte.                <\/a>\n                  <\/div>\n                <\/div>\n            <\/div>\t\t<\/div>\n\t\t\t\t<\/div>\n\t\t\t\t\t<\/div>\n\t\t<\/div>\n\t\t\t\t\t<\/div>\n\t\t<\/section>\n\t\t\t\t<\/div>","protected":false},"excerpt":{"rendered":"<p>Dobrodo\u0161li u Opus agenciju za zapo\u0161ljavanje Agencija za zapo\u0161ljavanje stranih radnika u Hrvatskoj Spajamo pouzdane inozemne radnike sa provjerenim hrvatskim poslodavcima. Tra\u017eim posao ili Tra\u017eim radnike Na\u0161 posao Tko smo mi? Mi smo tim koji obuhva\u0107a profesionalce \u2013 odvjetnike, knjigovo\u0111e i stru\u010dnjake u lokalnom zakonodavstvu te ostale vje\u0161tine potrebne da pove\u017eemo radnike i poslodavce. Odvjetnici [&hellip;]<\/p>","protected":false},"author":1,"featured_media":0,"parent":0,"menu_order":0,"comment_status":"closed","ping_status":"closed","template":"elementor_header_footer","meta":{"footnotes":""},"class_list":["post-89","page","type-page","status-publish","hentry"],"yoast_head":"<!-- This site is optimized with the Yoast SEO plugin v23.6 - https:\/\/yoast.com\/wordpress\/plugins\/seo\/ -->\n<title>Agencija za zapo\u0161ljavanje stranih radnika u Hrvatskoj - Opus<\/title>\n<meta name=\"description\" content=\"Agencija za zapo\u0161ljavanje stranih radnika u Hrvatskoj. Spajamo pouzdane radnike sa provjerenih hrvatskim poslodavcima.\" \/>\n<meta name=\"robots\" content=\"index, follow, max-snippet:-1, max-image-preview:large, max-video-preview:-1\" \/>\n<link rel=\"canonical\" href=\"https:\/\/opus-agency.com\/de\/\" \/>\n<meta property=\"og:locale\" content=\"de_DE\" \/>\n<meta property=\"og:type\" content=\"article\" \/>\n<meta property=\"og:title\" content=\"Agencija za zapo\u0161ljavanje stranih radnika u Hrvatskoj - Opus\" \/>\n<meta property=\"og:description\" content=\"Agencija za zapo\u0161ljavanje stranih radnika u Hrvatskoj. Spajamo pouzdane radnike sa provjerenih hrvatskim poslodavcima.\" \/>\n<meta property=\"og:url\" content=\"https:\/\/opus-agency.com\/de\/\" \/>\n<meta property=\"og:site_name\" content=\"Opus Agency\" \/>\n<meta property=\"article:modified_time\" content=\"2024-10-18T07:43:41+00:00\" \/>\n<meta property=\"og:image\" content=\"https:\/\/opus-agency.com\/wp-content\/uploads\/elementor\/thumbs\/medicine-worker-construction-worker-waiter-smiling-crossed-arms-2-qpxk15g4le68wnzamuz9kz2zfy54z9hsybcq8exaoo.png\" \/>\n<meta name=\"twitter:card\" content=\"summary_large_image\" \/>\n<meta name=\"twitter:label1\" content=\"Gesch\u00e4tzte Lesezeit\" \/>\n\t<meta name=\"twitter:data1\" content=\"1\u00a0Minute\" \/>\n<script type=\"application\/ld+json\" class=\"yoast-schema-graph\">{\"@context\":\"https:\/\/schema.org\",\"@graph\":[{\"@type\":\"WebPage\",\"@id\":\"https:\/\/opus-agency.com\/\",\"url\":\"https:\/\/opus-agency.com\/\",\"name\":\"Agencija za zapo\u0161ljavanje stranih radnika u Hrvatskoj - Opus\",\"isPartOf\":{\"@id\":\"https:\/\/opus-agency.com\/#website\"},\"primaryImageOfPage\":{\"@id\":\"https:\/\/opus-agency.com\/#primaryimage\"},\"image\":{\"@id\":\"https:\/\/opus-agency.com\/#primaryimage\"},\"thumbnailUrl\":\"https:\/\/opus-agency.com\/wp-content\/uploads\/elementor\/thumbs\/medicine-worker-construction-worker-waiter-smiling-crossed-arms-2-qpxk15g4le68wnzamuz9kz2zfy54z9hsybcq8exaoo.png\",\"datePublished\":\"2024-06-14T12:10:14+00:00\",\"dateModified\":\"2024-10-18T07:43:41+00:00\",\"description\":\"Agencija za zapo\u0161ljavanje stranih radnika u Hrvatskoj. Spajamo pouzdane radnike sa provjerenih hrvatskim poslodavcima.\",\"breadcrumb\":{\"@id\":\"https:\/\/opus-agency.com\/#breadcrumb\"},\"inLanguage\":\"de\",\"potentialAction\":[{\"@type\":\"ReadAction\",\"target\":[\"https:\/\/opus-agency.com\/\"]}]},{\"@type\":\"ImageObject\",\"inLanguage\":\"de\",\"@id\":\"https:\/\/opus-agency.com\/#primaryimage\",\"url\":\"https:\/\/opus-agency.com\/wp-content\/uploads\/elementor\/thumbs\/medicine-worker-construction-worker-waiter-smiling-crossed-arms-2-qpxk15g4le68wnzamuz9kz2zfy54z9hsybcq8exaoo.png\",\"contentUrl\":\"https:\/\/opus-agency.com\/wp-content\/uploads\/elementor\/thumbs\/medicine-worker-construction-worker-waiter-smiling-crossed-arms-2-qpxk15g4le68wnzamuz9kz2zfy54z9hsybcq8exaoo.png\"},{\"@type\":\"BreadcrumbList\",\"@id\":\"https:\/\/opus-agency.com\/#breadcrumb\",\"itemListElement\":[{\"@type\":\"ListItem\",\"position\":1,\"name\":\"Home\",\"item\":\"https:\/\/opus-agency.com\/\"},{\"@type\":\"ListItem\",\"position\":2,\"name\":\"Naslovna\"}]},{\"@type\":\"WebSite\",\"@id\":\"https:\/\/opus-agency.com\/#website\",\"url\":\"https:\/\/opus-agency.com\/\",\"name\":\"Opus Agency\",\"description\":\"Agencija za zapo\u0161ljavanje stranih radnika\",\"publisher\":{\"@id\":\"https:\/\/opus-agency.com\/#organization\"},\"potentialAction\":[{\"@type\":\"SearchAction\",\"target\":{\"@type\":\"EntryPoint\",\"urlTemplate\":\"https:\/\/opus-agency.com\/?s={search_term_string}\"},\"query-input\":{\"@type\":\"PropertyValueSpecification\",\"valueRequired\":true,\"valueName\":\"search_term_string\"}}],\"inLanguage\":\"de\"},{\"@type\":\"Organization\",\"@id\":\"https:\/\/opus-agency.com\/#organization\",\"name\":\"Opus Agency\",\"url\":\"https:\/\/opus-agency.com\/\",\"logo\":{\"@type\":\"ImageObject\",\"inLanguage\":\"de\",\"@id\":\"https:\/\/opus-agency.com\/#\/schema\/logo\/image\/\",\"url\":\"https:\/\/opus-agency.com\/wp-content\/uploads\/2024\/11\/banner-opus.png\",\"contentUrl\":\"https:\/\/opus-agency.com\/wp-content\/uploads\/2024\/11\/banner-opus.png\",\"width\":1050,\"height\":300,\"caption\":\"Opus Agency\"},\"image\":{\"@id\":\"https:\/\/opus-agency.com\/#\/schema\/logo\/image\/\"}}]}<\/script>\n<!-- \/ Yoast SEO plugin. -->","yoast_head_json":{"title":"Agencija za zapo\u0161ljavanje stranih radnika u Hrvatskoj - Opus","description":"Agencija za zapo\u0161ljavanje stranih radnika u Hrvatskoj. Spajamo pouzdane radnike sa provjerenih hrvatskim poslodavcima.","robots":{"index":"index","follow":"follow","max-snippet":"max-snippet:-1","max-image-preview":"max-image-preview:large","max-video-preview":"max-video-preview:-1"},"canonical":"https:\/\/opus-agency.com\/de\/","og_locale":"de_DE","og_type":"article","og_title":"Agencija za zapo\u0161ljavanje stranih radnika u Hrvatskoj - Opus","og_description":"Agencija za zapo\u0161ljavanje stranih radnika u Hrvatskoj. Spajamo pouzdane radnike sa provjerenih hrvatskim poslodavcima.","og_url":"https:\/\/opus-agency.com\/de\/","og_site_name":"Opus Agency","article_modified_time":"2024-10-18T07:43:41+00:00","og_image":[{"url":"https:\/\/opus-agency.com\/wp-content\/uploads\/elementor\/thumbs\/medicine-worker-construction-worker-waiter-smiling-crossed-arms-2-qpxk15g4le68wnzamuz9kz2zfy54z9hsybcq8exaoo.png"}],"twitter_card":"summary_large_image","twitter_misc":{"Gesch\u00e4tzte Lesezeit":"1\u00a0Minute"},"schema":{"@context":"https:\/\/schema.org","@graph":[{"@type":"WebPage","@id":"https:\/\/opus-agency.com\/","url":"https:\/\/opus-agency.com\/","name":"Agencija za zapo\u0161ljavanje stranih radnika u Hrvatskoj - Opus","isPartOf":{"@id":"https:\/\/opus-agency.com\/#website"},"primaryImageOfPage":{"@id":"https:\/\/opus-agency.com\/#primaryimage"},"image":{"@id":"https:\/\/opus-agency.com\/#primaryimage"},"thumbnailUrl":"https:\/\/opus-agency.com\/wp-content\/uploads\/elementor\/thumbs\/medicine-worker-construction-worker-waiter-smiling-crossed-arms-2-qpxk15g4le68wnzamuz9kz2zfy54z9hsybcq8exaoo.png","datePublished":"2024-06-14T12:10:14+00:00","dateModified":"2024-10-18T07:43:41+00:00","description":"Agencija za zapo\u0161ljavanje stranih radnika u Hrvatskoj. Spajamo pouzdane radnike sa provjerenih hrvatskim poslodavcima.","breadcrumb":{"@id":"https:\/\/opus-agency.com\/#breadcrumb"},"inLanguage":"de","potentialAction":[{"@type":"ReadAction","target":["https:\/\/opus-agency.com\/"]}]},{"@type":"ImageObject","inLanguage":"de","@id":"https:\/\/opus-agency.com\/#primaryimage","url":"https:\/\/opus-agency.com\/wp-content\/uploads\/elementor\/thumbs\/medicine-worker-construction-worker-waiter-smiling-crossed-arms-2-qpxk15g4le68wnzamuz9kz2zfy54z9hsybcq8exaoo.png","contentUrl":"https:\/\/opus-agency.com\/wp-content\/uploads\/elementor\/thumbs\/medicine-worker-construction-worker-waiter-smiling-crossed-arms-2-qpxk15g4le68wnzamuz9kz2zfy54z9hsybcq8exaoo.png"},{"@type":"BreadcrumbList","@id":"https:\/\/opus-agency.com\/#breadcrumb","itemListElement":[{"@type":"ListItem","position":1,"name":"Home","item":"https:\/\/opus-agency.com\/"},{"@type":"ListItem","position":2,"name":"Naslovna"}]},{"@type":"WebSite","@id":"https:\/\/opus-agency.com\/#website","url":"https:\/\/opus-agency.com\/","name":"Opus Agency","description":"Agencija za zapo\u0161ljavanje stranih radnika","publisher":{"@id":"https:\/\/opus-agency.com\/#organization"},"potentialAction":[{"@type":"SearchAction","target":{"@type":"EntryPoint","urlTemplate":"https:\/\/opus-agency.com\/?s={search_term_string}"},"query-input":{"@type":"PropertyValueSpecification","valueRequired":true,"valueName":"search_term_string"}}],"inLanguage":"de"},{"@type":"Organization","@id":"https:\/\/opus-agency.com\/#organization","name":"Opus Agency","url":"https:\/\/opus-agency.com\/","logo":{"@type":"ImageObject","inLanguage":"de","@id":"https:\/\/opus-agency.com\/#\/schema\/logo\/image\/","url":"https:\/\/opus-agency.com\/wp-content\/uploads\/2024\/11\/banner-opus.png","contentUrl":"https:\/\/opus-agency.com\/wp-content\/uploads\/2024\/11\/banner-opus.png","width":1050,"height":300,"caption":"Opus Agency"},"image":{"@id":"https:\/\/opus-agency.com\/#\/schema\/logo\/image\/"}}]}},"_links":{"self":[{"href":"https:\/\/opus-agency.com\/de\/wp-json\/wp\/v2\/pages\/89"}],"collection":[{"href":"https:\/\/opus-agency.com\/de\/wp-json\/wp\/v2\/pages"}],"about":[{"href":"https:\/\/opus-agency.com\/de\/wp-json\/wp\/v2\/types\/page"}],"author":[{"embeddable":true,"href":"https:\/\/opus-agency.com\/de\/wp-json\/wp\/v2\/users\/1"}],"replies":[{"embeddable":true,"href":"https:\/\/opus-agency.com\/de\/wp-json\/wp\/v2\/comments?post=89"}],"version-history":[{"count":378,"href":"https:\/\/opus-agency.com\/de\/wp-json\/wp\/v2\/pages\/89\/revisions"}],"predecessor-version":[{"id":1568,"href":"https:\/\/opus-agency.com\/de\/wp-json\/wp\/v2\/pages\/89\/revisions\/1568"}],"wp:attachment":[{"href":"https:\/\/opus-agency.com\/de\/wp-json\/wp\/v2\/media?parent=89"}],"curies":[{"name":"wp","href":"https:\/\/api.w.org\/{rel}","templated":true}]}}