{"id":95,"date":"2024-06-14T12:12:16","date_gmt":"2024-06-14T12:12:16","guid":{"rendered":"https:\/\/opus-agency.com\/?page_id=95"},"modified":"2024-08-05T15:44:09","modified_gmt":"2024-08-05T15:44:09","slug":"about-us","status":"publish","type":"page","link":"https:\/\/opus-agency.com\/en\/about-us\/","title":{"rendered":"About us"},"content":{"rendered":"<div data-elementor-type=\"wp-page\" data-elementor-id=\"95\" class=\"elementor elementor-95\" data-elementor-post-type=\"page\">\n\t\t\t\t\t\t<section class=\"elementor-section elementor-top-section elementor-element elementor-element-e55794 elementor-section-height-min-height elementor-section-boxed elementor-section-height-default elementor-section-items-middle\" data-id=\"e55794\" data-element_type=\"section\" data-settings=\"{&quot;background_background&quot;:&quot;gradient&quot;}\">\n\t\t\t\t\t\t<div class=\"elementor-container elementor-column-gap-default\">\n\t\t\t\t\t<div class=\"elementor-column elementor-col-100 elementor-top-column elementor-element elementor-element-51d87e4f\" data-id=\"51d87e4f\" data-element_type=\"column\">\n\t\t\t<div class=\"elementor-widget-wrap elementor-element-populated\">\n\t\t\t\t\t\t<div class=\"elementor-element elementor-element-521341b6 elementor-widget elementor-widget-heading\" data-id=\"521341b6\" data-element_type=\"widget\" data-widget_type=\"heading.default\">\n\t\t\t\t<div class=\"elementor-widget-container\">\n\t\t\t<h1 class=\"elementor-heading-title elementor-size-default\">About us<\/h1>\t\t<\/div>\n\t\t\t\t<\/div>\n\t\t\t\t<div class=\"elementor-element elementor-element-73df4f28 elementor-widget elementor-widget-text-editor\" data-id=\"73df4f28\" data-element_type=\"widget\" data-widget_type=\"text-editor.default\">\n\t\t\t\t<div class=\"elementor-widget-container\">\n\t\t\t\t\t\t\t<p><a href=\"#\">Homepage<\/a> - About us<\/p>\t\t\t\t\t\t<\/div>\n\t\t\t\t<\/div>\n\t\t\t\t\t<\/div>\n\t\t<\/div>\n\t\t\t\t\t<\/div>\n\t\t<\/section>\n\t\t\t\t<section class=\"elementor-section elementor-top-section elementor-element elementor-element-5fde0518 elementor-section-boxed elementor-section-height-default elementor-section-height-default\" data-id=\"5fde0518\" data-element_type=\"section\">\n\t\t\t\t\t\t<div class=\"elementor-container elementor-column-gap-default\">\n\t\t\t\t\t<div class=\"elementor-column elementor-col-50 elementor-top-column elementor-element elementor-element-19517b7\" data-id=\"19517b7\" data-element_type=\"column\">\n\t\t\t<div class=\"elementor-widget-wrap elementor-element-populated\">\n\t\t\t\t\t\t<div class=\"elementor-element elementor-element-bbfe7f0 elementor-widget elementor-widget-heading\" data-id=\"bbfe7f0\" data-element_type=\"widget\" data-widget_type=\"heading.default\">\n\t\t\t\t<div class=\"elementor-widget-container\">\n\t\t\t<h6 class=\"elementor-heading-title elementor-size-default\">Opus Agency for the Employment of Foreign Workers in Croatia<\/h6>\t\t<\/div>\n\t\t\t\t<\/div>\n\t\t\t\t<div class=\"elementor-element elementor-element-ade25a1 elementor-widget elementor-widget-heading\" data-id=\"ade25a1\" data-element_type=\"widget\" data-widget_type=\"heading.default\">\n\t\t\t\t<div class=\"elementor-widget-container\">\n\t\t\t<h2 class=\"elementor-heading-title elementor-size-default\">Equal opportunity<\/h2>\t\t<\/div>\n\t\t\t\t<\/div>\n\t\t\t\t<div class=\"elementor-element elementor-element-65dfe4e elementor-widget elementor-widget-text-editor\" data-id=\"65dfe4e\" data-element_type=\"widget\" data-widget_type=\"text-editor.default\">\n\t\t\t\t<div class=\"elementor-widget-container\">\n\t\t\t\t\t\t\t<p>We started a foreign workers employment agency to address the growing labor shortage in Croatia. We are aware that many countries have an abundance of qualified workers who are ready to relocate and work in Croatia.<\/p><p>Our agency is dedicated to connecting these workers with Croatian employers, providing opportunities for professional development to workers and helping employers find the workforce they need. Our mission is to simplify the hiring process, ensure legal compliance with local regulations, and contribute to the economic development of Croatia.<\/p>\t\t\t\t\t\t<\/div>\n\t\t\t\t<\/div>\n\t\t\t\t<section class=\"elementor-section elementor-inner-section elementor-element elementor-element-c8751c0 elementor-section-boxed elementor-section-height-default elementor-section-height-default\" data-id=\"c8751c0\" data-element_type=\"section\">\n\t\t\t\t\t\t<div class=\"elementor-container elementor-column-gap-default\">\n\t\t\t\t\t<div class=\"elementor-column elementor-col-100 elementor-inner-column elementor-element elementor-element-706741b\" data-id=\"706741b\" data-element_type=\"column\">\n\t\t\t<div class=\"elementor-widget-wrap elementor-element-populated\">\n\t\t\t\t\t\t<div class=\"elementor-element elementor-element-14202b5 elementor-view-stacked elementor-position-left elementor-vertical-align-middle elementor-shape-circle elementor-mobile-position-top elementor-widget elementor-widget-icon-box\" data-id=\"14202b5\" data-element_type=\"widget\" data-widget_type=\"icon-box.default\">\n\t\t\t\t<div class=\"elementor-widget-container\">\n\t\t\t\t\t<div class=\"elementor-icon-box-wrapper\">\n\n\t\t\t\t\t\t<div class=\"elementor-icon-box-icon\">\n\t\t\t\t<span  class=\"elementor-icon elementor-animation-\">\n\t\t\t\t<svg aria-hidden=\"true\" class=\"e-font-icon-svg e-fas-handshake\" viewbox=\"0 0 640 512\" xmlns=\"http:\/\/www.w3.org\/2000\/svg\"><path d=\"M434.7 64h-85.9c-8 0-15.7 3-21.6 8.4l-98.3 90c-.1.1-.2.3-.3.4-16.6 15.6-16.3 40.5-2.1 56 12.7 13.9 39.4 17.6 56.1 2.7.1-.1.3-.1.4-.2l79.9-73.2c6.5-5.9 16.7-5.5 22.6 1 6 6.5 5.5 16.6-1 22.6l-26.1 23.9L504 313.8c2.9 2.4 5.5 5 7.9 7.7V128l-54.6-54.6c-5.9-6-14.1-9.4-22.6-9.4zM544 128.2v223.9c0 17.7 14.3 32 32 32h64V128.2h-96zm48 223.9c-8.8 0-16-7.2-16-16s7.2-16 16-16 16 7.2 16 16-7.2 16-16 16zM0 384h64c17.7 0 32-14.3 32-32V128.2H0V384zm48-63.9c8.8 0 16 7.2 16 16s-7.2 16-16 16-16-7.2-16-16c0-8.9 7.2-16 16-16zm435.9 18.6L334.6 217.5l-30 27.5c-29.7 27.1-75.2 24.5-101.7-4.4-26.9-29.4-24.8-74.9 4.4-101.7L289.1 64h-83.8c-8.5 0-16.6 3.4-22.6 9.4L128 128v223.9h18.3l90.5 81.9c27.4 22.3 67.7 18.1 90-9.3l.2-.2 17.9 15.5c15.9 13 39.4 10.5 52.3-5.4l31.4-38.6 5.4 4.4c13.7 11.1 33.9 9.1 45-4.7l9.5-11.7c11.2-13.8 9.1-33.9-4.6-45.1z\"><\/path><\/svg>\t\t\t\t<\/span>\n\t\t\t<\/div>\n\t\t\t\n\t\t\t\t\t\t<div class=\"elementor-icon-box-content\">\n\n\t\t\t\t\t\t\t\t\t<h3 class=\"elementor-icon-box-title\">\n\t\t\t\t\t\t<span  >\n\t\t\t\t\t\t\t100.000+\t\t\t\t\t\t<\/span>\n\t\t\t\t\t<\/h3>\n\t\t\t\t\n\t\t\t\t\t\t\t\t\t<p class=\"elementor-icon-box-description\">\n\t\t\t\t\t\tforeign workers in Croatia currently\t\t\t\t\t<\/p>\n\t\t\t\t\n\t\t\t<\/div>\n\t\t\t\n\t\t<\/div>\n\t\t\t\t<\/div>\n\t\t\t\t<\/div>\n\t\t\t\t\t<\/div>\n\t\t<\/div>\n\t\t\t\t\t<\/div>\n\t\t<\/section>\n\t\t\t\t\t<\/div>\n\t\t<\/div>\n\t\t\t\t<div class=\"elementor-column elementor-col-50 elementor-top-column elementor-element elementor-element-37da5fb2 animated-fast elementor-invisible\" data-id=\"37da5fb2\" data-element_type=\"column\" data-settings=\"{&quot;animation&quot;:&quot;fadeInLeft&quot;}\">\n\t\t\t<div class=\"elementor-widget-wrap elementor-element-populated\">\n\t\t\t\t\t\t<div class=\"elementor-element elementor-element-638098fe animated-slow elementor-widget elementor-widget-image\" data-id=\"638098fe\" data-element_type=\"widget\" data-settings=\"{&quot;_animation&quot;:&quot;none&quot;}\" data-widget_type=\"image.default\">\n\t\t\t\t<div class=\"elementor-widget-container\">\n\t\t\t\t\t\t\t\t\t\t\t\t\t<img fetchpriority=\"high\" decoding=\"async\" width=\"1000\" height=\"1000\" src=\"https:\/\/opus-agency.com\/wp-content\/uploads\/2024\/06\/gijos-2.png\" class=\"attachment-full size-full wp-image-482\" alt=\"\" srcset=\"https:\/\/opus-agency.com\/wp-content\/uploads\/2024\/06\/gijos-2.png 1000w, https:\/\/opus-agency.com\/wp-content\/uploads\/2024\/06\/gijos-2-300x300.png 300w, https:\/\/opus-agency.com\/wp-content\/uploads\/2024\/06\/gijos-2-150x150.png 150w, https:\/\/opus-agency.com\/wp-content\/uploads\/2024\/06\/gijos-2-768x768.png 768w\" sizes=\"(max-width: 1000px) 100vw, 1000px\" \/>\t\t\t\t\t\t\t\t\t\t\t\t\t<\/div>\n\t\t\t\t<\/div>\n\t\t\t\t\t<\/div>\n\t\t<\/div>\n\t\t\t\t\t<\/div>\n\t\t<\/section>\n\t\t\t\t<section class=\"elementor-section elementor-top-section elementor-element elementor-element-bb1dce6 elementor-section-boxed elementor-section-height-default elementor-section-height-default\" data-id=\"bb1dce6\" data-element_type=\"section\" data-settings=\"{&quot;background_background&quot;:&quot;classic&quot;}\">\n\t\t\t\t\t\t<div class=\"elementor-container elementor-column-gap-default\">\n\t\t\t\t\t<div class=\"elementor-column elementor-col-50 elementor-top-column elementor-element elementor-element-9722123 animated-fast elementor-hidden-mobile elementor-invisible\" data-id=\"9722123\" data-element_type=\"column\" data-settings=\"{&quot;animation&quot;:&quot;fadeInDown&quot;}\">\n\t\t\t<div class=\"elementor-widget-wrap elementor-element-populated\">\n\t\t\t\t\t\t<div class=\"elementor-element elementor-element-239faa1 animated-slow elementor-widget elementor-widget-image\" data-id=\"239faa1\" data-element_type=\"widget\" data-settings=\"{&quot;_animation&quot;:&quot;none&quot;}\" data-widget_type=\"image.default\">\n\t\t\t\t<div class=\"elementor-widget-container\">\n\t\t\t\t\t\t\t\t\t\t\t\t\t<img decoding=\"async\" width=\"1920\" height=\"1277\" src=\"https:\/\/opus-agency.com\/wp-content\/uploads\/2024\/06\/korzo-osijek.jpg\" class=\"attachment-full size-full wp-image-500\" alt=\"\" srcset=\"https:\/\/opus-agency.com\/wp-content\/uploads\/2024\/06\/korzo-osijek.jpg 1920w, https:\/\/opus-agency.com\/wp-content\/uploads\/2024\/06\/korzo-osijek-300x200.jpg 300w, https:\/\/opus-agency.com\/wp-content\/uploads\/2024\/06\/korzo-osijek-1024x681.jpg 1024w, https:\/\/opus-agency.com\/wp-content\/uploads\/2024\/06\/korzo-osijek-768x511.jpg 768w, https:\/\/opus-agency.com\/wp-content\/uploads\/2024\/06\/korzo-osijek-1536x1022.jpg 1536w\" sizes=\"(max-width: 1920px) 100vw, 1920px\" \/>\t\t\t\t\t\t\t\t\t\t\t\t\t<\/div>\n\t\t\t\t<\/div>\n\t\t\t\t\t<\/div>\n\t\t<\/div>\n\t\t\t\t<div class=\"elementor-column elementor-col-50 elementor-top-column elementor-element elementor-element-31fd170\" data-id=\"31fd170\" data-element_type=\"column\">\n\t\t\t<div class=\"elementor-widget-wrap elementor-element-populated\">\n\t\t\t\t\t\t<div class=\"elementor-element elementor-element-ee9209f elementor-widget elementor-widget-heading\" data-id=\"ee9209f\" data-element_type=\"widget\" data-widget_type=\"heading.default\">\n\t\t\t\t<div class=\"elementor-widget-container\">\n\t\t\t<h6 class=\"elementor-heading-title elementor-size-default\">Opus Agency for the Employment of Foreign Workers in Croatia<\/h6>\t\t<\/div>\n\t\t\t\t<\/div>\n\t\t\t\t<div class=\"elementor-element elementor-element-46c7a73 elementor-widget elementor-widget-heading\" data-id=\"46c7a73\" data-element_type=\"widget\" data-widget_type=\"heading.default\">\n\t\t\t\t<div class=\"elementor-widget-container\">\n\t\t\t<h2 class=\"elementor-heading-title elementor-size-default\">Our goal<\/h2>\t\t<\/div>\n\t\t\t\t<\/div>\n\t\t\t\t<div class=\"elementor-element elementor-element-528219f elementor-widget elementor-widget-text-editor\" data-id=\"528219f\" data-element_type=\"widget\" data-widget_type=\"text-editor.default\">\n\t\t\t\t<div class=\"elementor-widget-container\">\n\t\t\t\t\t\t\t<p>Our agency is dedicated to connecting trusted employers with qualified workers from abroad.<\/p><p>We believe that every successful collaboration begins with the right match of people. That\u2019s why we carefully vet employers to ensure they offer safe and reliable workplaces. At the same time, we work with qualified workers from various countries, helping them find opportunities that align with their skills and ambitions.<\/p><p>Our goal is to build a bridge between employers and workers, enabling them to achieve their professional goals together and contribute to economic development. We are proud of our role in connecting people and creating positive changes in the labor market.<\/p>\t\t\t\t\t\t<\/div>\n\t\t\t\t<\/div>\n\t\t\t\t<section class=\"elementor-section elementor-inner-section elementor-element elementor-element-47f0fea elementor-section-boxed elementor-section-height-default elementor-section-height-default\" data-id=\"47f0fea\" data-element_type=\"section\">\n\t\t\t\t\t\t<div class=\"elementor-container elementor-column-gap-default\">\n\t\t\t\t\t<div class=\"elementor-column elementor-col-100 elementor-inner-column elementor-element elementor-element-e20f65e\" data-id=\"e20f65e\" data-element_type=\"column\">\n\t\t\t<div class=\"elementor-widget-wrap elementor-element-populated\">\n\t\t\t\t\t\t<div class=\"elementor-element elementor-element-c31504c elementor-view-stacked elementor-position-left elementor-vertical-align-middle elementor-shape-circle elementor-mobile-position-top elementor-widget elementor-widget-icon-box\" data-id=\"c31504c\" data-element_type=\"widget\" data-widget_type=\"icon-box.default\">\n\t\t\t\t<div class=\"elementor-widget-container\">\n\t\t\t\t\t<div class=\"elementor-icon-box-wrapper\">\n\n\t\t\t\t\t\t<div class=\"elementor-icon-box-icon\">\n\t\t\t\t<span  class=\"elementor-icon elementor-animation-\">\n\t\t\t\t<svg aria-hidden=\"true\" class=\"e-font-icon-svg e-fas-handshake\" viewbox=\"0 0 640 512\" xmlns=\"http:\/\/www.w3.org\/2000\/svg\"><path d=\"M434.7 64h-85.9c-8 0-15.7 3-21.6 8.4l-98.3 90c-.1.1-.2.3-.3.4-16.6 15.6-16.3 40.5-2.1 56 12.7 13.9 39.4 17.6 56.1 2.7.1-.1.3-.1.4-.2l79.9-73.2c6.5-5.9 16.7-5.5 22.6 1 6 6.5 5.5 16.6-1 22.6l-26.1 23.9L504 313.8c2.9 2.4 5.5 5 7.9 7.7V128l-54.6-54.6c-5.9-6-14.1-9.4-22.6-9.4zM544 128.2v223.9c0 17.7 14.3 32 32 32h64V128.2h-96zm48 223.9c-8.8 0-16-7.2-16-16s7.2-16 16-16 16 7.2 16 16-7.2 16-16 16zM0 384h64c17.7 0 32-14.3 32-32V128.2H0V384zm48-63.9c8.8 0 16 7.2 16 16s-7.2 16-16 16-16-7.2-16-16c0-8.9 7.2-16 16-16zm435.9 18.6L334.6 217.5l-30 27.5c-29.7 27.1-75.2 24.5-101.7-4.4-26.9-29.4-24.8-74.9 4.4-101.7L289.1 64h-83.8c-8.5 0-16.6 3.4-22.6 9.4L128 128v223.9h18.3l90.5 81.9c27.4 22.3 67.7 18.1 90-9.3l.2-.2 17.9 15.5c15.9 13 39.4 10.5 52.3-5.4l31.4-38.6 5.4 4.4c13.7 11.1 33.9 9.1 45-4.7l9.5-11.7c11.2-13.8 9.1-33.9-4.6-45.1z\"><\/path><\/svg>\t\t\t\t<\/span>\n\t\t\t<\/div>\n\t\t\t\n\t\t\t\t\t\t<div class=\"elementor-icon-box-content\">\n\n\t\t\t\t\t\t\t\t\t<h3 class=\"elementor-icon-box-title\">\n\t\t\t\t\t\t<span  >\n\t\t\t\t\t\t\tLocal knowledge\t\t\t\t\t\t<\/span>\n\t\t\t\t\t<\/h3>\n\t\t\t\t\n\t\t\t\t\t\t\t\t\t<p class=\"elementor-icon-box-description\">\n\t\t\t\t\t\tWe have extensive knowledge of the Croatian labor market and how to fill job positions in a quality manner.\t\t\t\t\t<\/p>\n\t\t\t\t\n\t\t\t<\/div>\n\t\t\t\n\t\t<\/div>\n\t\t\t\t<\/div>\n\t\t\t\t<\/div>\n\t\t\t\t\t<\/div>\n\t\t<\/div>\n\t\t\t\t\t<\/div>\n\t\t<\/section>\n\t\t\t\t\t<\/div>\n\t\t<\/div>\n\t\t\t\t\t<\/div>\n\t\t<\/section>\n\t\t\t\t<\/div>","protected":false},"excerpt":{"rendered":"<p>O nama Naslovna &gt; O nama Opus agencija za zapo\u0161ljavanje stranih radnika Jednake prilike Zapo\u010deli smo agenciju za zapo\u0161ljavanje stranih radnika kako bismo odgovorili na rastu\u0107i nedostatak radne snage u Hrvatskoj. Svjesni smo da mnoge zemlje imaju obilje kvalificiranih radnika koji su spremni preseliti se i raditi u Hrvatskoj. Na\u0161a agencija je posve\u0107ena povezivanju tih [&hellip;]<\/p>","protected":false},"author":1,"featured_media":0,"parent":0,"menu_order":0,"comment_status":"closed","ping_status":"closed","template":"elementor_header_footer","meta":{"footnotes":""},"class_list":["post-95","page","type-page","status-publish","hentry"],"yoast_head":"<!-- This site is optimized with the Yoast SEO plugin v23.6 - https:\/\/yoast.com\/wordpress\/plugins\/seo\/ -->\n<title>O nama - Opus Agency<\/title>\n<meta name=\"robots\" content=\"index, follow, max-snippet:-1, max-image-preview:large, max-video-preview:-1\" \/>\n<link rel=\"canonical\" href=\"https:\/\/opus-agency.com\/en\/about-us\/\" \/>\n<meta property=\"og:locale\" content=\"en_US\" \/>\n<meta property=\"og:type\" content=\"article\" \/>\n<meta property=\"og:title\" content=\"O nama - Opus Agency\" \/>\n<meta property=\"og:description\" content=\"O nama Naslovna &gt; O nama Opus agencija za zapo\u0161ljavanje stranih radnika Jednake prilike Zapo\u010deli smo agenciju za zapo\u0161ljavanje stranih radnika kako bismo odgovorili na rastu\u0107i nedostatak radne snage u Hrvatskoj. Svjesni smo da mnoge zemlje imaju obilje kvalificiranih radnika koji su spremni preseliti se i raditi u Hrvatskoj. Na\u0161a agencija je posve\u0107ena povezivanju tih [&hellip;]\" \/>\n<meta property=\"og:url\" content=\"https:\/\/opus-agency.com\/en\/about-us\/\" \/>\n<meta property=\"og:site_name\" content=\"Opus Agency\" \/>\n<meta property=\"article:modified_time\" content=\"2024-08-05T15:44:09+00:00\" \/>\n<meta property=\"og:image\" content=\"https:\/\/opus-agency.com\/wp-content\/uploads\/2024\/06\/gijos-2.png\" \/>\n\t<meta property=\"og:image:width\" content=\"1000\" \/>\n\t<meta property=\"og:image:height\" content=\"1000\" \/>\n\t<meta property=\"og:image:type\" content=\"image\/png\" \/>\n<meta name=\"twitter:card\" content=\"summary_large_image\" \/>\n<meta name=\"twitter:label1\" content=\"Est. reading time\" \/>\n\t<meta name=\"twitter:data1\" content=\"1 minute\" \/>\n<script type=\"application\/ld+json\" class=\"yoast-schema-graph\">{\"@context\":\"https:\/\/schema.org\",\"@graph\":[{\"@type\":\"WebPage\",\"@id\":\"https:\/\/opus-agency.com\/about-us\/\",\"url\":\"https:\/\/opus-agency.com\/about-us\/\",\"name\":\"O nama - Opus Agency\",\"isPartOf\":{\"@id\":\"https:\/\/opus-agency.com\/#website\"},\"primaryImageOfPage\":{\"@id\":\"https:\/\/opus-agency.com\/about-us\/#primaryimage\"},\"image\":{\"@id\":\"https:\/\/opus-agency.com\/about-us\/#primaryimage\"},\"thumbnailUrl\":\"https:\/\/opus-agency.com\/wp-content\/uploads\/2024\/06\/gijos-2.png\",\"datePublished\":\"2024-06-14T12:12:16+00:00\",\"dateModified\":\"2024-08-05T15:44:09+00:00\",\"breadcrumb\":{\"@id\":\"https:\/\/opus-agency.com\/about-us\/#breadcrumb\"},\"inLanguage\":\"en-US\",\"potentialAction\":[{\"@type\":\"ReadAction\",\"target\":[\"https:\/\/opus-agency.com\/about-us\/\"]}]},{\"@type\":\"ImageObject\",\"inLanguage\":\"en-US\",\"@id\":\"https:\/\/opus-agency.com\/about-us\/#primaryimage\",\"url\":\"https:\/\/opus-agency.com\/wp-content\/uploads\/2024\/06\/gijos-2.png\",\"contentUrl\":\"https:\/\/opus-agency.com\/wp-content\/uploads\/2024\/06\/gijos-2.png\"},{\"@type\":\"BreadcrumbList\",\"@id\":\"https:\/\/opus-agency.com\/about-us\/#breadcrumb\",\"itemListElement\":[{\"@type\":\"ListItem\",\"position\":1,\"name\":\"Home\",\"item\":\"https:\/\/opus-agency.com\/\"},{\"@type\":\"ListItem\",\"position\":2,\"name\":\"O nama\"}]},{\"@type\":\"WebSite\",\"@id\":\"https:\/\/opus-agency.com\/#website\",\"url\":\"https:\/\/opus-agency.com\/\",\"name\":\"Opus Agency\",\"description\":\"Agencija za zapo\u0161ljavanje stranih radnika\",\"publisher\":{\"@id\":\"https:\/\/opus-agency.com\/#organization\"},\"potentialAction\":[{\"@type\":\"SearchAction\",\"target\":{\"@type\":\"EntryPoint\",\"urlTemplate\":\"https:\/\/opus-agency.com\/?s={search_term_string}\"},\"query-input\":{\"@type\":\"PropertyValueSpecification\",\"valueRequired\":true,\"valueName\":\"search_term_string\"}}],\"inLanguage\":\"en-US\"},{\"@type\":\"Organization\",\"@id\":\"https:\/\/opus-agency.com\/#organization\",\"name\":\"Opus Agency\",\"url\":\"https:\/\/opus-agency.com\/\",\"logo\":{\"@type\":\"ImageObject\",\"inLanguage\":\"en-US\",\"@id\":\"https:\/\/opus-agency.com\/#\/schema\/logo\/image\/\",\"url\":\"https:\/\/opus-agency.com\/wp-content\/uploads\/2024\/11\/banner-opus.png\",\"contentUrl\":\"https:\/\/opus-agency.com\/wp-content\/uploads\/2024\/11\/banner-opus.png\",\"width\":1050,\"height\":300,\"caption\":\"Opus Agency\"},\"image\":{\"@id\":\"https:\/\/opus-agency.com\/#\/schema\/logo\/image\/\"}}]}<\/script>\n<!-- \/ Yoast SEO plugin. -->","yoast_head_json":{"title":"O nama - Opus Agency","robots":{"index":"index","follow":"follow","max-snippet":"max-snippet:-1","max-image-preview":"max-image-preview:large","max-video-preview":"max-video-preview:-1"},"canonical":"https:\/\/opus-agency.com\/en\/about-us\/","og_locale":"en_US","og_type":"article","og_title":"O nama - Opus Agency","og_description":"O nama Naslovna &gt; O nama Opus agencija za zapo\u0161ljavanje stranih radnika Jednake prilike Zapo\u010deli smo agenciju za zapo\u0161ljavanje stranih radnika kako bismo odgovorili na rastu\u0107i nedostatak radne snage u Hrvatskoj. Svjesni smo da mnoge zemlje imaju obilje kvalificiranih radnika koji su spremni preseliti se i raditi u Hrvatskoj. Na\u0161a agencija je posve\u0107ena povezivanju tih [&hellip;]","og_url":"https:\/\/opus-agency.com\/en\/about-us\/","og_site_name":"Opus Agency","article_modified_time":"2024-08-05T15:44:09+00:00","og_image":[{"width":1000,"height":1000,"url":"https:\/\/opus-agency.com\/wp-content\/uploads\/2024\/06\/gijos-2.png","type":"image\/png"}],"twitter_card":"summary_large_image","twitter_misc":{"Est. reading time":"1 minute"},"schema":{"@context":"https:\/\/schema.org","@graph":[{"@type":"WebPage","@id":"https:\/\/opus-agency.com\/about-us\/","url":"https:\/\/opus-agency.com\/about-us\/","name":"O nama - Opus Agency","isPartOf":{"@id":"https:\/\/opus-agency.com\/#website"},"primaryImageOfPage":{"@id":"https:\/\/opus-agency.com\/about-us\/#primaryimage"},"image":{"@id":"https:\/\/opus-agency.com\/about-us\/#primaryimage"},"thumbnailUrl":"https:\/\/opus-agency.com\/wp-content\/uploads\/2024\/06\/gijos-2.png","datePublished":"2024-06-14T12:12:16+00:00","dateModified":"2024-08-05T15:44:09+00:00","breadcrumb":{"@id":"https:\/\/opus-agency.com\/about-us\/#breadcrumb"},"inLanguage":"en-US","potentialAction":[{"@type":"ReadAction","target":["https:\/\/opus-agency.com\/about-us\/"]}]},{"@type":"ImageObject","inLanguage":"en-US","@id":"https:\/\/opus-agency.com\/about-us\/#primaryimage","url":"https:\/\/opus-agency.com\/wp-content\/uploads\/2024\/06\/gijos-2.png","contentUrl":"https:\/\/opus-agency.com\/wp-content\/uploads\/2024\/06\/gijos-2.png"},{"@type":"BreadcrumbList","@id":"https:\/\/opus-agency.com\/about-us\/#breadcrumb","itemListElement":[{"@type":"ListItem","position":1,"name":"Home","item":"https:\/\/opus-agency.com\/"},{"@type":"ListItem","position":2,"name":"O nama"}]},{"@type":"WebSite","@id":"https:\/\/opus-agency.com\/#website","url":"https:\/\/opus-agency.com\/","name":"Opus Agency","description":"Agencija za zapo\u0161ljavanje stranih radnika","publisher":{"@id":"https:\/\/opus-agency.com\/#organization"},"potentialAction":[{"@type":"SearchAction","target":{"@type":"EntryPoint","urlTemplate":"https:\/\/opus-agency.com\/?s={search_term_string}"},"query-input":{"@type":"PropertyValueSpecification","valueRequired":true,"valueName":"search_term_string"}}],"inLanguage":"en-US"},{"@type":"Organization","@id":"https:\/\/opus-agency.com\/#organization","name":"Opus Agency","url":"https:\/\/opus-agency.com\/","logo":{"@type":"ImageObject","inLanguage":"en-US","@id":"https:\/\/opus-agency.com\/#\/schema\/logo\/image\/","url":"https:\/\/opus-agency.com\/wp-content\/uploads\/2024\/11\/banner-opus.png","contentUrl":"https:\/\/opus-agency.com\/wp-content\/uploads\/2024\/11\/banner-opus.png","width":1050,"height":300,"caption":"Opus Agency"},"image":{"@id":"https:\/\/opus-agency.com\/#\/schema\/logo\/image\/"}}]}},"_links":{"self":[{"href":"https:\/\/opus-agency.com\/en\/wp-json\/wp\/v2\/pages\/95"}],"collection":[{"href":"https:\/\/opus-agency.com\/en\/wp-json\/wp\/v2\/pages"}],"about":[{"href":"https:\/\/opus-agency.com\/en\/wp-json\/wp\/v2\/types\/page"}],"author":[{"embeddable":true,"href":"https:\/\/opus-agency.com\/en\/wp-json\/wp\/v2\/users\/1"}],"replies":[{"embeddable":true,"href":"https:\/\/opus-agency.com\/en\/wp-json\/wp\/v2\/comments?post=95"}],"version-history":[{"count":116,"href":"https:\/\/opus-agency.com\/en\/wp-json\/wp\/v2\/pages\/95\/revisions"}],"predecessor-version":[{"id":1613,"href":"https:\/\/opus-agency.com\/en\/wp-json\/wp\/v2\/pages\/95\/revisions\/1613"}],"wp:attachment":[{"href":"https:\/\/opus-agency.com\/en\/wp-json\/wp\/v2\/media?parent=95"}],"curies":[{"name":"wp","href":"https:\/\/api.w.org\/{rel}","templated":true}]}}